{"id":162,"date":"2023-04-24T15:16:20","date_gmt":"2023-04-24T12:16:20","guid":{"rendered":"https:\/\/www.trans-el.com\/?page_id=162"},"modified":"2023-08-11T12:20:52","modified_gmt":"2023-08-11T09:20:52","slug":"hakkimizda","status":"publish","type":"page","link":"https:\/\/www.trans-el.com\/tr\/kurumsal\/trans-el-1.html","title":{"rendered":"Hakk\u0131m\u0131zda"},"content":{"rendered":"\n<p>Kalitenin ve g\u00fcvenilirli\u011fin adresi <strong>TRANS-EL Transformat\u00f6r<\/strong>, \u015eanl\u0131urfa Organize Sanayi B\u00f6lgesi&#8217;nde 4000 m2 \u00fcretim alan\u0131, 2500 m2 tamir, bak\u0131m, onar\u0131m alan\u0131 ve 10000 m2 a\u00e7\u0131k alan olmak \u00fczere toplam 16500 m2 alanda iki ayr\u0131 fabrikada hizmet vermektedir.<\/p>\n\n\n\n<p>TRANS-EL, t\u00fcm \u00fcr\u00fcnlerinde kalite ve \u00e7evreye duyarl\u0131l\u0131\u011f\u0131n\u0131 \u00f6n planda tutar. Kalitemiz, ISO 9001 2000 Kalite Sistemi ve ISO 14000 \u00c7evre Y\u00f6netim Sistemi belgeleriyle tescillenmi\u015ftir. \u00dcr\u00fcnlerimiz, uluslararas\u0131 akreditasyona sahip ICMET CRAIOVA \/ ROMANYA ve BO\u011eAZ\u0130\u00c7\u0130 \u00dcN\u0130VERS\u0130TES\u0130 Test Laboratuvarlar\u0131 taraf\u0131ndan sertifikaland\u0131r\u0131lm\u0131\u015ft\u0131r.<\/p>\n\n\n\n<p>\u00dcretim s\u00fcrecinde t\u00fcm girdi ve hammaddelerimiz, d\u00fcnyaca tan\u0131nm\u0131\u015f yerli ve yabanc\u0131 \u00fcreticilerden temin edilir. Bu sayede, TRANS-EL transformat\u00f6rleri, en kaliteli malzemelerden ve g\u00fcvenilir metotlarla \u00fcretilir. Bu \u00fcretim kalitemiz, kullan\u0131c\u0131lar\u0131na maksimum fayda sa\u011flarken, minimum bak\u0131m gereksinimini sunar.<\/p>\n\n\n\n<p>30.000 kVA\u2019ya kadar g\u00fc\u00e7 ve 36 kV\u2019a kadar gerilim \u00f6zelliklerine sahip ya\u011fl\u0131 tip, hermetik veya ya\u011f genle\u015fme depolu, harici\/dahili, g\u00fc\u00e7 ve da\u011f\u0131t\u0131m transformat\u00f6rleri \u00fcretiyoruz. TRANS-EL&#8217;in \u00fcretimleri, ekonomik, y\u00fcksek verimli, emniyetli olup, y\u00fcr\u00fcrl\u00fckte olan standart ve \u015fartnamelere uygundur.<br>TRANS-EL Transformat\u00f6r olarak, enerjinin gelece\u011fini \u015fekillendirmeye ve m\u00fc\u015fterilerimize en iyiyi sunmaya devam ediyoruz.<\/p>\n\n\n\n<figure class=\"wp-block-image size-large\"><img loading=\"lazy\" decoding=\"async\" width=\"1024\" height=\"576\" src=\"https:\/\/www.trans-el.com\/wp-content\/uploads\/2023\/07\/transel_slider_09-1024x576.jpg\" alt=\"\" class=\"wp-image-1032\" srcset=\"https:\/\/www.trans-el.com\/wp-content\/uploads\/2023\/07\/transel_slider_09-1024x576.jpg 1024w, https:\/\/www.trans-el.com\/wp-content\/uploads\/2023\/07\/transel_slider_09-300x169.jpg 300w, https:\/\/www.trans-el.com\/wp-content\/uploads\/2023\/07\/transel_slider_09-768x432.jpg 768w, https:\/\/www.trans-el.com\/wp-content\/uploads\/2023\/07\/transel_slider_09.jpg 1200w\" sizes=\"auto, (max-width: 1024px) 100vw, 1024px\" \/><\/figure>\n\n\n\n<h3 class=\"wp-block-heading\">Vizyonumuz<\/h3>\n\n\n\n<p>TRANS-EL Transformat\u00f6r olarak, kalite ve g\u00fcven her zaman \u00f6nceli\u011fimizdir. Bu de\u011ferler, i\u015fimizin merkezinde yer al\u0131r ve her karar\u0131m\u0131z\u0131 \u015fekillendirir.<\/p>\n\n\n\n<p>D\u00fcnya pazar\u0131nda s\u00f6z sahibi olan bir firma olmay\u0131 hedefliyoruz. Ancak bu hedefimize ula\u015f\u0131rken, kalite ve g\u00fcvenlikten \u00f6d\u00fcn vermeden, s\u00fcrd\u00fcr\u00fclebilir bir b\u00fcy\u00fcme yolunu izliyoruz.<\/p>\n\n\n\n<p>Enerji sekt\u00f6r\u00fcnde liderlik yolunda, en kaliteli \u00fcr\u00fcnleri ve hizmetleri sunarak, m\u00fc\u015fterilerimiz ve i\u015f ortaklar\u0131m\u0131zla uzun vadeli ve g\u00fcvenilir ili\u015fkiler kurmay\u0131 hedefliyoruz. Bu vizyonumuzla, TRANS-EL markas\u0131n\u0131, d\u00fcnya \u00e7ap\u0131nda tan\u0131nan, tercih edilen ve g\u00fcvendi\u011fi bir marka haline getirmeyi ama\u00e7l\u0131yoruz.<br>Vizyonumuz, enerji sekt\u00f6r\u00fcnde inovasyon ve m\u00fckemmeliyet yolunda ilerlerken, m\u00fc\u015fterilerimizin, \u00e7al\u0131\u015fanlar\u0131m\u0131z\u0131n ve t\u00fcm payda\u015flar\u0131m\u0131z\u0131n g\u00fcvenini kazanmay\u0131 ve bu g\u00fcveni s\u00fcrd\u00fcrmeyi i\u00e7erir.<\/p>\n\n\n\n<h3 class=\"wp-block-heading\">Misyonumuz<\/h3>\n\n\n\n<p>TRANS-EL Transformat\u00f6r olarak, misyonumuz; i\u015f arkada\u015flar\u0131m\u0131zla iyi ili\u015fkiler kurarak ve tak\u0131m ruhunu benimseyerek, geli\u015fen teknolojiyi s\u00fcrekli takip etmektir. Bu s\u00fcre\u00e7te, d\u00fcnyan\u0131n do\u011fal kaynaklar\u0131n\u0131 etkin ve verimli bir \u015fekilde kullanmay\u0131 hedefleriz.<\/p>\n\n\n\n<p>Gelecek nesillere daha ya\u015fanabilir bir d\u00fcnya b\u0131rakmak i\u00e7in \u00e7al\u0131\u015f\u0131yoruz. Bu vizyon do\u011frultusunda, uzun \u00f6m\u00fcrl\u00fc ve tam verimli transformat\u00f6rler \u00fcretmeyi ama\u00e7l\u0131yoruz. \u00dcr\u00fcnlerimiz, enerjinin en etkin \u015fekilde kullan\u0131lmas\u0131na yard\u0131mc\u0131 olarak, hem do\u011fal kaynaklar\u0131n korunmas\u0131na katk\u0131da bulunur, hem de m\u00fc\u015fterilerimize maksimum verim sa\u011flar.<\/p>\n\n\n\n<p>Misyonumuz, d\u00fcnya \u00e7ap\u0131nda kalite ve g\u00fcvenilirlik standard\u0131n\u0131 belirlemek ve bu standard\u0131 s\u00fcrekli olarak geli\u015ftirmektir. Her bir TRANS-EL \u00fcr\u00fcn\u00fc, bu misyonun bir par\u00e7as\u0131d\u0131r.<\/p>\n","protected":false},"excerpt":{"rendered":"Kalitenin ve g\u00fcvenilirli\u011fin adresi TRANS-EL Transformat\u00f6r, \u015eanl\u0131urfa Organize Sanayi B\u00f6lgesi&#8217;nde 4000 m2 \u00fcretim alan\u0131, 2500 m2 tamir, bak\u0131m, onar\u0131m alan\u0131 ve 10000 m2 a\u00e7\u0131k alan olmak \u00fczere toplam 16500 m2 alanda iki ayr\u0131 fabrikada hizmet vermektedir. TRANS-EL, t\u00fcm \u00fcr\u00fcnlerinde kalite ve \u00e7evreye duyarl\u0131l\u0131\u011f\u0131n\u0131 \u00f6n planda tutar. Kalitemiz, ISO 9001 2000 Kalite Sistemi ve ISO 14000 [&hellip;]","protected":false},"author":1,"featured_media":0,"parent":160,"menu_order":1,"comment_status":"closed","ping_status":"closed","template":"","meta":{"footnotes":""},"class_list":["post-162","page","type-page","status-publish","hentry"],"yoast_head":"<!-- This site is optimized with the Yoast SEO plugin v23.8 - https:\/\/yoast.com\/wordpress\/plugins\/seo\/ -->\n<title>Hakk\u0131m\u0131zda - TRANS-EL Transformat\u00f6r<\/title>\n<meta name=\"robots\" content=\"index, follow, max-snippet:-1, max-image-preview:large, max-video-preview:-1\" \/>\n<link rel=\"canonical\" href=\"https:\/\/www.trans-el.com\/tr\/kurumsal\/trans-el-1.html\" \/>\n<meta property=\"og:locale\" content=\"tr_TR\" \/>\n<meta property=\"og:type\" content=\"article\" \/>\n<meta property=\"og:title\" content=\"Hakk\u0131m\u0131zda - TRANS-EL Transformat\u00f6r\" \/>\n<meta property=\"og:description\" content=\"Kalitenin ve g\u00fcvenilirli\u011fin adresi TRANS-EL Transformat\u00f6r, \u015eanl\u0131urfa Organize Sanayi B\u00f6lgesi&#8217;nde 4000 m2 \u00fcretim alan\u0131, 2500 m2 tamir, bak\u0131m, onar\u0131m alan\u0131 ve 10000 m2 a\u00e7\u0131k alan olmak \u00fczere toplam 16500 m2 alanda iki ayr\u0131 fabrikada hizmet vermektedir. TRANS-EL, t\u00fcm \u00fcr\u00fcnlerinde kalite ve \u00e7evreye duyarl\u0131l\u0131\u011f\u0131n\u0131 \u00f6n planda tutar. Kalitemiz, ISO 9001 2000 Kalite Sistemi ve ISO 14000 [&hellip;]\" \/>\n<meta property=\"og:url\" content=\"https:\/\/www.trans-el.com\/tr\/kurumsal\/trans-el-1.html\" \/>\n<meta property=\"og:site_name\" content=\"TRANS-EL Transformat\u00f6r\" \/>\n<meta property=\"article:modified_time\" content=\"2023-08-11T09:20:52+00:00\" \/>\n<meta property=\"og:image\" content=\"https:\/\/www.trans-el.com\/wp-content\/uploads\/2023\/07\/transel_slider_09-1024x576.jpg\" \/>\n<meta name=\"twitter:card\" content=\"summary_large_image\" \/>\n<meta name=\"twitter:label1\" content=\"Tahmini okuma s\u00fcresi\" \/>\n\t<meta name=\"twitter:data1\" content=\"3 dakika\" \/>\n<script type=\"application\/ld+json\" class=\"yoast-schema-graph\">{\"@context\":\"https:\/\/schema.org\",\"@graph\":[{\"@type\":\"WebPage\",\"@id\":\"https:\/\/www.trans-el.com\/tr\/kurumsal\/trans-el-1.html\",\"url\":\"https:\/\/www.trans-el.com\/tr\/kurumsal\/trans-el-1.html\",\"name\":\"Hakk\u0131m\u0131zda - TRANS-EL Transformat\u00f6r\",\"isPartOf\":{\"@id\":\"https:\/\/www.trans-el.com\/tr\/#website\"},\"primaryImageOfPage\":{\"@id\":\"https:\/\/www.trans-el.com\/tr\/kurumsal\/trans-el-1.html#primaryimage\"},\"image\":{\"@id\":\"https:\/\/www.trans-el.com\/tr\/kurumsal\/trans-el-1.html#primaryimage\"},\"thumbnailUrl\":\"https:\/\/www.trans-el.com\/wp-content\/uploads\/2023\/07\/transel_slider_09-1024x576.jpg\",\"datePublished\":\"2023-04-24T12:16:20+00:00\",\"dateModified\":\"2023-08-11T09:20:52+00:00\",\"breadcrumb\":{\"@id\":\"https:\/\/www.trans-el.com\/tr\/kurumsal\/trans-el-1.html#breadcrumb\"},\"inLanguage\":\"tr\",\"potentialAction\":[{\"@type\":\"ReadAction\",\"target\":[\"https:\/\/www.trans-el.com\/tr\/kurumsal\/trans-el-1.html\"]}]},{\"@type\":\"ImageObject\",\"inLanguage\":\"tr\",\"@id\":\"https:\/\/www.trans-el.com\/tr\/kurumsal\/trans-el-1.html#primaryimage\",\"url\":\"https:\/\/www.trans-el.com\/wp-content\/uploads\/2023\/07\/transel_slider_09-1024x576.jpg\",\"contentUrl\":\"https:\/\/www.trans-el.com\/wp-content\/uploads\/2023\/07\/transel_slider_09-1024x576.jpg\"},{\"@type\":\"BreadcrumbList\",\"@id\":\"https:\/\/www.trans-el.com\/tr\/kurumsal\/trans-el-1.html#breadcrumb\",\"itemListElement\":[{\"@type\":\"ListItem\",\"position\":1,\"name\":\"Anasayfa\",\"item\":\"https:\/\/www.trans-el.com\/tr\/\"},{\"@type\":\"ListItem\",\"position\":2,\"name\":\"Kurumsal\",\"item\":\"https:\/\/www.trans-el.com\/tr\/kurumsal\/\"},{\"@type\":\"ListItem\",\"position\":3,\"name\":\"Hakk\u0131m\u0131zda\"}]},{\"@type\":\"WebSite\",\"@id\":\"https:\/\/www.trans-el.com\/tr\/#website\",\"url\":\"https:\/\/www.trans-el.com\/tr\/\",\"name\":\"TRANS-EL Transformat\u00f6r\",\"description\":\"Y\u00fcksek Gerilim Trafosu\",\"potentialAction\":[{\"@type\":\"SearchAction\",\"target\":{\"@type\":\"EntryPoint\",\"urlTemplate\":\"https:\/\/www.trans-el.com\/tr\/?s={search_term_string}\"},\"query-input\":{\"@type\":\"PropertyValueSpecification\",\"valueRequired\":true,\"valueName\":\"search_term_string\"}}],\"inLanguage\":\"tr\"}]}<\/script>\n<!-- \/ Yoast SEO plugin. -->","yoast_head_json":{"title":"Hakk\u0131m\u0131zda - TRANS-EL Transformat\u00f6r","robots":{"index":"index","follow":"follow","max-snippet":"max-snippet:-1","max-image-preview":"max-image-preview:large","max-video-preview":"max-video-preview:-1"},"canonical":"https:\/\/www.trans-el.com\/tr\/kurumsal\/trans-el-1.html","og_locale":"tr_TR","og_type":"article","og_title":"Hakk\u0131m\u0131zda - TRANS-EL Transformat\u00f6r","og_description":"Kalitenin ve g\u00fcvenilirli\u011fin adresi TRANS-EL Transformat\u00f6r, \u015eanl\u0131urfa Organize Sanayi B\u00f6lgesi&#8217;nde 4000 m2 \u00fcretim alan\u0131, 2500 m2 tamir, bak\u0131m, onar\u0131m alan\u0131 ve 10000 m2 a\u00e7\u0131k alan olmak \u00fczere toplam 16500 m2 alanda iki ayr\u0131 fabrikada hizmet vermektedir. TRANS-EL, t\u00fcm \u00fcr\u00fcnlerinde kalite ve \u00e7evreye duyarl\u0131l\u0131\u011f\u0131n\u0131 \u00f6n planda tutar. Kalitemiz, ISO 9001 2000 Kalite Sistemi ve ISO 14000 [&hellip;]","og_url":"https:\/\/www.trans-el.com\/tr\/kurumsal\/trans-el-1.html","og_site_name":"TRANS-EL Transformat\u00f6r","article_modified_time":"2023-08-11T09:20:52+00:00","og_image":[{"url":"https:\/\/www.trans-el.com\/wp-content\/uploads\/2023\/07\/transel_slider_09-1024x576.jpg"}],"twitter_card":"summary_large_image","twitter_misc":{"Tahmini okuma s\u00fcresi":"3 dakika"},"schema":{"@context":"https:\/\/schema.org","@graph":[{"@type":"WebPage","@id":"https:\/\/www.trans-el.com\/tr\/kurumsal\/trans-el-1.html","url":"https:\/\/www.trans-el.com\/tr\/kurumsal\/trans-el-1.html","name":"Hakk\u0131m\u0131zda - TRANS-EL Transformat\u00f6r","isPartOf":{"@id":"https:\/\/www.trans-el.com\/tr\/#website"},"primaryImageOfPage":{"@id":"https:\/\/www.trans-el.com\/tr\/kurumsal\/trans-el-1.html#primaryimage"},"image":{"@id":"https:\/\/www.trans-el.com\/tr\/kurumsal\/trans-el-1.html#primaryimage"},"thumbnailUrl":"https:\/\/www.trans-el.com\/wp-content\/uploads\/2023\/07\/transel_slider_09-1024x576.jpg","datePublished":"2023-04-24T12:16:20+00:00","dateModified":"2023-08-11T09:20:52+00:00","breadcrumb":{"@id":"https:\/\/www.trans-el.com\/tr\/kurumsal\/trans-el-1.html#breadcrumb"},"inLanguage":"tr","potentialAction":[{"@type":"ReadAction","target":["https:\/\/www.trans-el.com\/tr\/kurumsal\/trans-el-1.html"]}]},{"@type":"ImageObject","inLanguage":"tr","@id":"https:\/\/www.trans-el.com\/tr\/kurumsal\/trans-el-1.html#primaryimage","url":"https:\/\/www.trans-el.com\/wp-content\/uploads\/2023\/07\/transel_slider_09-1024x576.jpg","contentUrl":"https:\/\/www.trans-el.com\/wp-content\/uploads\/2023\/07\/transel_slider_09-1024x576.jpg"},{"@type":"BreadcrumbList","@id":"https:\/\/www.trans-el.com\/tr\/kurumsal\/trans-el-1.html#breadcrumb","itemListElement":[{"@type":"ListItem","position":1,"name":"Anasayfa","item":"https:\/\/www.trans-el.com\/tr\/"},{"@type":"ListItem","position":2,"name":"Kurumsal","item":"https:\/\/www.trans-el.com\/tr\/kurumsal\/"},{"@type":"ListItem","position":3,"name":"Hakk\u0131m\u0131zda"}]},{"@type":"WebSite","@id":"https:\/\/www.trans-el.com\/tr\/#website","url":"https:\/\/www.trans-el.com\/tr\/","name":"TRANS-EL Transformat\u00f6r","description":"Y\u00fcksek Gerilim Trafosu","potentialAction":[{"@type":"SearchAction","target":{"@type":"EntryPoint","urlTemplate":"https:\/\/www.trans-el.com\/tr\/?s={search_term_string}"},"query-input":{"@type":"PropertyValueSpecification","valueRequired":true,"valueName":"search_term_string"}}],"inLanguage":"tr"}]}},"_links":{"self":[{"href":"https:\/\/www.trans-el.com\/tr\/wp-json\/wp\/v2\/pages\/162","targetHints":{"allow":["GET"]}}],"collection":[{"href":"https:\/\/www.trans-el.com\/tr\/wp-json\/wp\/v2\/pages"}],"about":[{"href":"https:\/\/www.trans-el.com\/tr\/wp-json\/wp\/v2\/types\/page"}],"author":[{"embeddable":true,"href":"https:\/\/www.trans-el.com\/tr\/wp-json\/wp\/v2\/users\/1"}],"replies":[{"embeddable":true,"href":"https:\/\/www.trans-el.com\/tr\/wp-json\/wp\/v2\/comments?post=162"}],"version-history":[{"count":8,"href":"https:\/\/www.trans-el.com\/tr\/wp-json\/wp\/v2\/pages\/162\/revisions"}],"predecessor-version":[{"id":2286,"href":"https:\/\/www.trans-el.com\/tr\/wp-json\/wp\/v2\/pages\/162\/revisions\/2286"}],"up":[{"embeddable":true,"href":"https:\/\/www.trans-el.com\/tr\/wp-json\/wp\/v2\/pages\/160"}],"wp:attachment":[{"href":"https:\/\/www.trans-el.com\/tr\/wp-json\/wp\/v2\/media?parent=162"}],"curies":[{"name":"wp","href":"https:\/\/api.w.org\/{rel}","templated":true}]}}