{"id":166,"date":"2023-04-24T15:16:58","date_gmt":"2023-04-24T12:16:58","guid":{"rendered":"https:\/\/www.trans-el.com\/?page_id=166"},"modified":"2023-06-07T12:22:34","modified_gmt":"2023-06-07T09:22:34","slug":"insan-kaynaklari","status":"publish","type":"page","link":"https:\/\/www.trans-el.com\/tr\/ik\/","title":{"rendered":"\u0130nsan Kaynaklar\u0131"},"content":{"rendered":"\n<p>Bizimle \u00e7al\u0131\u015fmak isterseniz, Hangi b\u00f6l\u00fcmde \u00e7al\u0131\u015fmak istiyorsan\u0131z, daha \u00f6nceki i\u015f tecr\u00fcbeleriniz, referans olabilecek telefon numaralar\u0131, ve hakk\u0131n\u0131zda k\u0131sa bilgi vermek i\u00e7in&nbsp;<a href=\"mailto:ik@trans-el.com\">ik@trans-el.com<\/a>&nbsp;adresine cv b\u0131rak\u0131n.<\/p>\n","protected":false},"excerpt":{"rendered":"Bizimle \u00e7al\u0131\u015fmak isterseniz, Hangi b\u00f6l\u00fcmde \u00e7al\u0131\u015fmak istiyorsan\u0131z, daha \u00f6nceki i\u015f tecr\u00fcbeleriniz, referans olabilecek telefon numaralar\u0131, ve hakk\u0131n\u0131zda k\u0131sa bilgi vermek i\u00e7in&nbsp;ik@trans-el.com&nbsp;adresine cv b\u0131rak\u0131n.","protected":false},"author":1,"featured_media":0,"parent":160,"menu_order":3,"comment_status":"closed","ping_status":"closed","template":"","meta":{"footnotes":""},"class_list":["post-166","page","type-page","status-publish","hentry"],"yoast_head":"<!-- This site is optimized with the Yoast SEO plugin v23.8 - https:\/\/yoast.com\/wordpress\/plugins\/seo\/ -->\n<title>\u0130nsan Kaynaklar\u0131 - TRANS-EL Transformat\u00f6r<\/title>\n<meta name=\"robots\" content=\"index, follow, max-snippet:-1, max-image-preview:large, max-video-preview:-1\" \/>\n<link rel=\"canonical\" href=\"https:\/\/www.trans-el.com\/tr\/ik\/\" \/>\n<meta property=\"og:locale\" content=\"tr_TR\" \/>\n<meta property=\"og:type\" content=\"article\" \/>\n<meta property=\"og:title\" content=\"\u0130nsan Kaynaklar\u0131 - TRANS-EL Transformat\u00f6r\" \/>\n<meta property=\"og:description\" content=\"Bizimle \u00e7al\u0131\u015fmak isterseniz, Hangi b\u00f6l\u00fcmde \u00e7al\u0131\u015fmak istiyorsan\u0131z, daha \u00f6nceki i\u015f tecr\u00fcbeleriniz, referans olabilecek telefon numaralar\u0131, ve hakk\u0131n\u0131zda k\u0131sa bilgi vermek i\u00e7in&nbsp;ik@trans-el.com&nbsp;adresine cv b\u0131rak\u0131n.\" \/>\n<meta property=\"og:url\" content=\"https:\/\/www.trans-el.com\/tr\/ik\/\" \/>\n<meta property=\"og:site_name\" content=\"TRANS-EL Transformat\u00f6r\" \/>\n<meta property=\"article:modified_time\" content=\"2023-06-07T09:22:34+00:00\" \/>\n<meta name=\"twitter:card\" content=\"summary_large_image\" \/>\n<script type=\"application\/ld+json\" class=\"yoast-schema-graph\">{\"@context\":\"https:\/\/schema.org\",\"@graph\":[{\"@type\":\"WebPage\",\"@id\":\"https:\/\/www.trans-el.com\/tr\/ik\/\",\"url\":\"https:\/\/www.trans-el.com\/tr\/ik\/\",\"name\":\"\u0130nsan Kaynaklar\u0131 - TRANS-EL Transformat\u00f6r\",\"isPartOf\":{\"@id\":\"https:\/\/www.trans-el.com\/tr\/#website\"},\"datePublished\":\"2023-04-24T12:16:58+00:00\",\"dateModified\":\"2023-06-07T09:22:34+00:00\",\"breadcrumb\":{\"@id\":\"https:\/\/www.trans-el.com\/tr\/ik\/#breadcrumb\"},\"inLanguage\":\"tr\",\"potentialAction\":[{\"@type\":\"ReadAction\",\"target\":[\"https:\/\/www.trans-el.com\/tr\/ik\/\"]}]},{\"@type\":\"BreadcrumbList\",\"@id\":\"https:\/\/www.trans-el.com\/tr\/ik\/#breadcrumb\",\"itemListElement\":[{\"@type\":\"ListItem\",\"position\":1,\"name\":\"Anasayfa\",\"item\":\"https:\/\/www.trans-el.com\/tr\/\"},{\"@type\":\"ListItem\",\"position\":2,\"name\":\"Kurumsal\",\"item\":\"https:\/\/www.trans-el.com\/tr\/kurumsal\/\"},{\"@type\":\"ListItem\",\"position\":3,\"name\":\"\u0130nsan Kaynaklar\u0131\"}]},{\"@type\":\"WebSite\",\"@id\":\"https:\/\/www.trans-el.com\/tr\/#website\",\"url\":\"https:\/\/www.trans-el.com\/tr\/\",\"name\":\"TRANS-EL Transformat\u00f6r\",\"description\":\"Y\u00fcksek Gerilim Trafosu\",\"potentialAction\":[{\"@type\":\"SearchAction\",\"target\":{\"@type\":\"EntryPoint\",\"urlTemplate\":\"https:\/\/www.trans-el.com\/tr\/?s={search_term_string}\"},\"query-input\":{\"@type\":\"PropertyValueSpecification\",\"valueRequired\":true,\"valueName\":\"search_term_string\"}}],\"inLanguage\":\"tr\"}]}<\/script>\n<!-- \/ Yoast SEO plugin. -->","yoast_head_json":{"title":"\u0130nsan Kaynaklar\u0131 - TRANS-EL Transformat\u00f6r","robots":{"index":"index","follow":"follow","max-snippet":"max-snippet:-1","max-image-preview":"max-image-preview:large","max-video-preview":"max-video-preview:-1"},"canonical":"https:\/\/www.trans-el.com\/tr\/ik\/","og_locale":"tr_TR","og_type":"article","og_title":"\u0130nsan Kaynaklar\u0131 - TRANS-EL Transformat\u00f6r","og_description":"Bizimle \u00e7al\u0131\u015fmak isterseniz, Hangi b\u00f6l\u00fcmde \u00e7al\u0131\u015fmak istiyorsan\u0131z, daha \u00f6nceki i\u015f tecr\u00fcbeleriniz, referans olabilecek telefon numaralar\u0131, ve hakk\u0131n\u0131zda k\u0131sa bilgi vermek i\u00e7in&nbsp;ik@trans-el.com&nbsp;adresine cv b\u0131rak\u0131n.","og_url":"https:\/\/www.trans-el.com\/tr\/ik\/","og_site_name":"TRANS-EL Transformat\u00f6r","article_modified_time":"2023-06-07T09:22:34+00:00","twitter_card":"summary_large_image","schema":{"@context":"https:\/\/schema.org","@graph":[{"@type":"WebPage","@id":"https:\/\/www.trans-el.com\/tr\/ik\/","url":"https:\/\/www.trans-el.com\/tr\/ik\/","name":"\u0130nsan Kaynaklar\u0131 - TRANS-EL Transformat\u00f6r","isPartOf":{"@id":"https:\/\/www.trans-el.com\/tr\/#website"},"datePublished":"2023-04-24T12:16:58+00:00","dateModified":"2023-06-07T09:22:34+00:00","breadcrumb":{"@id":"https:\/\/www.trans-el.com\/tr\/ik\/#breadcrumb"},"inLanguage":"tr","potentialAction":[{"@type":"ReadAction","target":["https:\/\/www.trans-el.com\/tr\/ik\/"]}]},{"@type":"BreadcrumbList","@id":"https:\/\/www.trans-el.com\/tr\/ik\/#breadcrumb","itemListElement":[{"@type":"ListItem","position":1,"name":"Anasayfa","item":"https:\/\/www.trans-el.com\/tr\/"},{"@type":"ListItem","position":2,"name":"Kurumsal","item":"https:\/\/www.trans-el.com\/tr\/kurumsal\/"},{"@type":"ListItem","position":3,"name":"\u0130nsan Kaynaklar\u0131"}]},{"@type":"WebSite","@id":"https:\/\/www.trans-el.com\/tr\/#website","url":"https:\/\/www.trans-el.com\/tr\/","name":"TRANS-EL Transformat\u00f6r","description":"Y\u00fcksek Gerilim Trafosu","potentialAction":[{"@type":"SearchAction","target":{"@type":"EntryPoint","urlTemplate":"https:\/\/www.trans-el.com\/tr\/?s={search_term_string}"},"query-input":{"@type":"PropertyValueSpecification","valueRequired":true,"valueName":"search_term_string"}}],"inLanguage":"tr"}]}},"_links":{"self":[{"href":"https:\/\/www.trans-el.com\/tr\/wp-json\/wp\/v2\/pages\/166","targetHints":{"allow":["GET"]}}],"collection":[{"href":"https:\/\/www.trans-el.com\/tr\/wp-json\/wp\/v2\/pages"}],"about":[{"href":"https:\/\/www.trans-el.com\/tr\/wp-json\/wp\/v2\/types\/page"}],"author":[{"embeddable":true,"href":"https:\/\/www.trans-el.com\/tr\/wp-json\/wp\/v2\/users\/1"}],"replies":[{"embeddable":true,"href":"https:\/\/www.trans-el.com\/tr\/wp-json\/wp\/v2\/comments?post=166"}],"version-history":[{"count":2,"href":"https:\/\/www.trans-el.com\/tr\/wp-json\/wp\/v2\/pages\/166\/revisions"}],"predecessor-version":[{"id":178,"href":"https:\/\/www.trans-el.com\/tr\/wp-json\/wp\/v2\/pages\/166\/revisions\/178"}],"up":[{"embeddable":true,"href":"https:\/\/www.trans-el.com\/tr\/wp-json\/wp\/v2\/pages\/160"}],"wp:attachment":[{"href":"https:\/\/www.trans-el.com\/tr\/wp-json\/wp\/v2\/media?parent=166"}],"curies":[{"name":"wp","href":"https:\/\/api.w.org\/{rel}","templated":true}]}}