{"id":276,"date":"2023-04-24T21:38:35","date_gmt":"2023-04-24T18:38:35","guid":{"rendered":"https:\/\/www.trans-el.com\/?page_id=276"},"modified":"2023-06-07T11:40:41","modified_gmt":"2023-06-07T08:40:41","slug":"sertifikalar","status":"publish","type":"page","link":"https:\/\/www.trans-el.com\/tr\/teknik\/sertifikalar-15.html","title":{"rendered":"Sertifikalar"},"content":{"rendered":"\n<p>KAL\u0130TE VE KAL\u0130BRASYON BELGELER\u0130M\u0130Z<\/p>\n","protected":false},"excerpt":{"rendered":"KAL\u0130TE VE KAL\u0130BRASYON BELGELER\u0130M\u0130Z","protected":false},"author":1,"featured_media":0,"parent":0,"menu_order":6,"comment_status":"closed","ping_status":"closed","template":"","meta":{"footnotes":""},"class_list":["post-276","page","type-page","status-publish","hentry"],"yoast_head":"<!-- This site is optimized with the Yoast SEO plugin v23.8 - https:\/\/yoast.com\/wordpress\/plugins\/seo\/ -->\n<title>Sertifikalar - TRANS-EL Transformat\u00f6r<\/title>\n<meta name=\"robots\" content=\"index, follow, max-snippet:-1, max-image-preview:large, max-video-preview:-1\" \/>\n<link rel=\"canonical\" href=\"https:\/\/www.trans-el.com\/tr\/teknik\/sertifikalar-15.html\" \/>\n<meta property=\"og:locale\" content=\"tr_TR\" \/>\n<meta property=\"og:type\" content=\"article\" \/>\n<meta property=\"og:title\" content=\"Sertifikalar - TRANS-EL Transformat\u00f6r\" \/>\n<meta property=\"og:description\" content=\"KAL\u0130TE VE KAL\u0130BRASYON BELGELER\u0130M\u0130Z\" \/>\n<meta property=\"og:url\" content=\"https:\/\/www.trans-el.com\/tr\/teknik\/sertifikalar-15.html\" \/>\n<meta property=\"og:site_name\" content=\"TRANS-EL Transformat\u00f6r\" \/>\n<meta property=\"article:modified_time\" content=\"2023-06-07T08:40:41+00:00\" \/>\n<meta name=\"twitter:card\" content=\"summary_large_image\" \/>\n<script type=\"application\/ld+json\" class=\"yoast-schema-graph\">{\"@context\":\"https:\/\/schema.org\",\"@graph\":[{\"@type\":\"WebPage\",\"@id\":\"https:\/\/www.trans-el.com\/tr\/teknik\/sertifikalar-15.html\",\"url\":\"https:\/\/www.trans-el.com\/tr\/teknik\/sertifikalar-15.html\",\"name\":\"Sertifikalar - TRANS-EL Transformat\u00f6r\",\"isPartOf\":{\"@id\":\"https:\/\/www.trans-el.com\/tr\/#website\"},\"datePublished\":\"2023-04-24T18:38:35+00:00\",\"dateModified\":\"2023-06-07T08:40:41+00:00\",\"breadcrumb\":{\"@id\":\"https:\/\/www.trans-el.com\/tr\/teknik\/sertifikalar-15.html#breadcrumb\"},\"inLanguage\":\"tr\",\"potentialAction\":[{\"@type\":\"ReadAction\",\"target\":[\"https:\/\/www.trans-el.com\/tr\/teknik\/sertifikalar-15.html\"]}]},{\"@type\":\"BreadcrumbList\",\"@id\":\"https:\/\/www.trans-el.com\/tr\/teknik\/sertifikalar-15.html#breadcrumb\",\"itemListElement\":[{\"@type\":\"ListItem\",\"position\":1,\"name\":\"Anasayfa\",\"item\":\"https:\/\/www.trans-el.com\/tr\/\"},{\"@type\":\"ListItem\",\"position\":2,\"name\":\"Sertifikalar\"}]},{\"@type\":\"WebSite\",\"@id\":\"https:\/\/www.trans-el.com\/tr\/#website\",\"url\":\"https:\/\/www.trans-el.com\/tr\/\",\"name\":\"TRANS-EL Transformat\u00f6r\",\"description\":\"Y\u00fcksek Gerilim Trafosu\",\"potentialAction\":[{\"@type\":\"SearchAction\",\"target\":{\"@type\":\"EntryPoint\",\"urlTemplate\":\"https:\/\/www.trans-el.com\/tr\/?s={search_term_string}\"},\"query-input\":{\"@type\":\"PropertyValueSpecification\",\"valueRequired\":true,\"valueName\":\"search_term_string\"}}],\"inLanguage\":\"tr\"}]}<\/script>\n<!-- \/ Yoast SEO plugin. -->","yoast_head_json":{"title":"Sertifikalar - TRANS-EL Transformat\u00f6r","robots":{"index":"index","follow":"follow","max-snippet":"max-snippet:-1","max-image-preview":"max-image-preview:large","max-video-preview":"max-video-preview:-1"},"canonical":"https:\/\/www.trans-el.com\/tr\/teknik\/sertifikalar-15.html","og_locale":"tr_TR","og_type":"article","og_title":"Sertifikalar - TRANS-EL Transformat\u00f6r","og_description":"KAL\u0130TE VE KAL\u0130BRASYON BELGELER\u0130M\u0130Z","og_url":"https:\/\/www.trans-el.com\/tr\/teknik\/sertifikalar-15.html","og_site_name":"TRANS-EL Transformat\u00f6r","article_modified_time":"2023-06-07T08:40:41+00:00","twitter_card":"summary_large_image","schema":{"@context":"https:\/\/schema.org","@graph":[{"@type":"WebPage","@id":"https:\/\/www.trans-el.com\/tr\/teknik\/sertifikalar-15.html","url":"https:\/\/www.trans-el.com\/tr\/teknik\/sertifikalar-15.html","name":"Sertifikalar - TRANS-EL Transformat\u00f6r","isPartOf":{"@id":"https:\/\/www.trans-el.com\/tr\/#website"},"datePublished":"2023-04-24T18:38:35+00:00","dateModified":"2023-06-07T08:40:41+00:00","breadcrumb":{"@id":"https:\/\/www.trans-el.com\/tr\/teknik\/sertifikalar-15.html#breadcrumb"},"inLanguage":"tr","potentialAction":[{"@type":"ReadAction","target":["https:\/\/www.trans-el.com\/tr\/teknik\/sertifikalar-15.html"]}]},{"@type":"BreadcrumbList","@id":"https:\/\/www.trans-el.com\/tr\/teknik\/sertifikalar-15.html#breadcrumb","itemListElement":[{"@type":"ListItem","position":1,"name":"Anasayfa","item":"https:\/\/www.trans-el.com\/tr\/"},{"@type":"ListItem","position":2,"name":"Sertifikalar"}]},{"@type":"WebSite","@id":"https:\/\/www.trans-el.com\/tr\/#website","url":"https:\/\/www.trans-el.com\/tr\/","name":"TRANS-EL Transformat\u00f6r","description":"Y\u00fcksek Gerilim Trafosu","potentialAction":[{"@type":"SearchAction","target":{"@type":"EntryPoint","urlTemplate":"https:\/\/www.trans-el.com\/tr\/?s={search_term_string}"},"query-input":{"@type":"PropertyValueSpecification","valueRequired":true,"valueName":"search_term_string"}}],"inLanguage":"tr"}]}},"_links":{"self":[{"href":"https:\/\/www.trans-el.com\/tr\/wp-json\/wp\/v2\/pages\/276","targetHints":{"allow":["GET"]}}],"collection":[{"href":"https:\/\/www.trans-el.com\/tr\/wp-json\/wp\/v2\/pages"}],"about":[{"href":"https:\/\/www.trans-el.com\/tr\/wp-json\/wp\/v2\/types\/page"}],"author":[{"embeddable":true,"href":"https:\/\/www.trans-el.com\/tr\/wp-json\/wp\/v2\/users\/1"}],"replies":[{"embeddable":true,"href":"https:\/\/www.trans-el.com\/tr\/wp-json\/wp\/v2\/comments?post=276"}],"version-history":[{"count":2,"href":"https:\/\/www.trans-el.com\/tr\/wp-json\/wp\/v2\/pages\/276\/revisions"}],"predecessor-version":[{"id":564,"href":"https:\/\/www.trans-el.com\/tr\/wp-json\/wp\/v2\/pages\/276\/revisions\/564"}],"wp:attachment":[{"href":"https:\/\/www.trans-el.com\/tr\/wp-json\/wp\/v2\/media?parent=276"}],"curies":[{"name":"wp","href":"https:\/\/api.w.org\/{rel}","templated":true}]}}