{"id":3,"date":"2023-04-24T10:15:57","date_gmt":"2023-04-24T07:15:57","guid":{"rendered":"https:\/\/www.trans-el.com\/?page_id=3"},"modified":"2023-08-10T10:39:06","modified_gmt":"2023-08-10T07:39:06","slug":"gizlilik-politikasi","status":"publish","type":"page","link":"https:\/\/www.trans-el.com\/tr\/gizlilik-politikasi\/","title":{"rendered":"Gizlilik Politikas\u0131"},"content":{"rendered":"\n<p><strong>B\u0130LG\u0130 G\u00dcVENL\u0130\u011e\u0130 TANIMI<\/strong><\/p>\n\n\n\n<p>Bilgi g\u00fcvenli\u011fi, bilginin bir varl\u0131k olarak hasarlardan korunmas\u0131, do\u011fru teknolojinin, do\u011fru ama\u00e7la ve do\u011fru \u015fekilde kullan\u0131larak bilginin her t\u00fcrl\u00fc ortamda, istenmeyen ki\u015filer taraf\u0131ndan elde edilmesini \u00f6nlenmesi anlam\u0131na gelmektedir.<\/p>\n\n\n\n<p>Geli\u015fen teknoloji ile beraber bilginin korunmas\u0131 gereken tehditlerin \u00e7oklu\u011fu ve bunlara kar\u015f\u0131 g\u00fcvenlik \u00e7\u00f6z\u00fcmleri olu\u015fturma gereklili\u011fi firmalar\u0131 yeni aray\u0131\u015flara itmi\u015f ve bilgi g\u00fcvenli\u011fi s\u00fcrecinin i\u015fletilmesi i\u00e7in kendi b\u00fcnyesinde ya da d\u0131\u015f kaynakl\u0131 yetkin personel yard\u0131m\u0131 ile bilgi g\u00fcvenli\u011fi yaz\u0131l\u0131 ve s\u00f6zl\u00fc olarak \u015firket personeline iletilmesi ve bilin\u00e7lendirilmesi s\u00fcrecini ba\u015flatm\u0131\u015ft\u0131r.<\/p>\n\n\n\n<p>Bu s\u00fcre\u00e7 sonucunda d\u00fcnya genelinde di\u011fer g\u00fcvenlik sistemlerinde oldu\u011fu bilgi g\u00fcvenli\u011finin de bir standarda oturtulmas\u0131 istenmi\u015f ve bug\u00fcnk\u00fc ad\u0131 ile ISO 27001 ortaya \u00e7\u0131km\u0131\u015ft\u0131r. Bilgi g\u00fcvenli\u011fi politikam\u0131zda bu standarda uygun olarak a\u015fa\u011f\u0131dakilerin korunmas\u0131 ama\u00e7lanm\u0131\u015ft\u0131r. <\/p>\n\n\n\n<p>Gizlilik: Bilginin sadece eri\u015fim yetkisi verilmi\u015f ki\u015filere eri\u015filebilir oldu\u011funu garanti etmek;<\/p>\n\n\n\n<p>B\u00fct\u00fcnl\u00fck: Bilginin ve i\u015fleme y\u00f6ntemlerinin do\u011frulu\u011funu ve yetkisiz de\u011fi\u015ftirilememesini temin etmek;<\/p>\n\n\n\n<p>Eri\u015filebilirlik: Yetkili kullan\u0131c\u0131lar\u0131n, gerek duyuldu\u011funda bilgiye ve ili\u015fkili kaynaklara en h\u0131zl\u0131 \u015fekilde eri\u015febileceklerini garanti etmek.<\/p>\n\n\n\n<p><strong>B\u0130LG\u0130 G\u00dcVENL\u0130\u011e\u0130 Y\u00d6NET\u0130M S\u0130STEM\u0130 OLU\u015eTURULMA AMACI<\/strong><\/p>\n\n\n\n<p>Kurulu\u015f, kurumun g\u00fcvenilirli\u011fini ve kurumsal imaj\u0131n\u0131 korumak, kurumun bilgi varl\u0131klar\u0131na ili\u015fkin risk de\u011ferlendirme ve risk i\u015fleme faaliyetleriyle bilgi g\u00fcvenli\u011fine ili\u015fkin var olan ya da olu\u015fabilecek olan riskleri azaltmak, yasal zorunluluklara ve mevzuatlara uymak, \u00e7al\u0131\u015fanlar\u0131n\u0131n bilgi g\u00fcvenli\u011fine ili\u015fkin fark\u0131ndal\u0131\u011f\u0131n\u0131 artt\u0131rmak ve bilgi seviyesini y\u00fckseltmek amac\u0131 ile kendi b\u00fcnyesinde BGYS kurulmas\u0131na ve uygulanmas\u0131na karar vermi\u015ftir.<\/p>\n\n\n\n<p><strong>B\u0130LG\u0130 G\u00dcVENL\u0130\u011e\u0130 POL\u0130T\u0130KASI DOK\u00dcMANININ G\u00dcNCELLENMES\u0130 VE G\u00d6ZDEN<\/strong> <strong>GE\u00c7\u0130R\u0130LMES\u0130<\/strong><\/p>\n\n\n\n<p>Politika dok\u00fcman\u0131n\u0131n s\u00fcreklili\u011finin sa\u011flanmas\u0131ndan ve g\u00f6zden ge\u00e7irilmesinden BGYS<br>Y\u00f6neticisi sorumludur.<\/p>\n\n\n\n<p>Bilgi G\u00fcvenli\u011fi Politikas\u0131 Dok\u00fcman\u0131, y\u0131lda bir kez periyodik olarak ya da sistem yap\u0131s\u0131n\u0131 veya risk de\u011ferlendirmesini etkileyecek organizasyona ait de\u011fi\u015fiklikler, i\u015f \u015fartlar\u0131, de\u011fi\u015fen yasal zorunluluklar, kurumsal teknik altyap\u0131da k\u00f6kl\u00fc de\u011fi\u015fiklikler gibi herhangi bir de\u011fi\u015fiklikten sonra da periyodik s\u00fcre\u00e7 beklenmeksizin g\u00f6zden ge\u00e7irilmeli ve herhangi bir de\u011fi\u015fiklik gerekiyorsa versiyon de\u011fi\u015fimi olarak kay\u0131t alt\u0131na al\u0131nmal\u0131 ve her versiyon \u00fcst y\u00f6netime onaylat\u0131lmal\u0131d\u0131r. Bilgi G\u00fcvenli\u011fi Y\u00f6netim Sistemi s\u00fcrecini etkileyecek yap\u0131sal bir de\u011fi\u015fiklik oldu\u011funda g\u00f6zden ge\u00e7irilmelidir. Sistem \u00fczerindeki herhangi bir yap\u0131y\u0131 ve ya risk de\u011ferlendirmesini etkileyecek \u00f6nemli bir de\u011fi\u015fiklikten sonra de\u011fi\u015fiklik kay\u0131t alt\u0131na al\u0131nmal\u0131 ve her de\u011fi\u015fim BGYS Sorumlusu ve \u00dcst Y\u00f6netimine onaylat\u0131lmal\u0131d\u0131r.<\/p>\n","protected":false},"excerpt":{"rendered":"B\u0130LG\u0130 G\u00dcVENL\u0130\u011e\u0130 TANIMI Bilgi g\u00fcvenli\u011fi, bilginin bir varl\u0131k olarak hasarlardan korunmas\u0131, do\u011fru teknolojinin, do\u011fru ama\u00e7la ve do\u011fru \u015fekilde kullan\u0131larak bilginin her t\u00fcrl\u00fc ortamda, istenmeyen ki\u015filer taraf\u0131ndan elde edilmesini \u00f6nlenmesi anlam\u0131na gelmektedir. Geli\u015fen teknoloji ile beraber bilginin korunmas\u0131 gereken tehditlerin \u00e7oklu\u011fu ve bunlara kar\u015f\u0131 g\u00fcvenlik \u00e7\u00f6z\u00fcmleri olu\u015fturma gereklili\u011fi firmalar\u0131 yeni aray\u0131\u015flara itmi\u015f ve bilgi g\u00fcvenli\u011fi s\u00fcrecinin [&hellip;]","protected":false},"author":1,"featured_media":0,"parent":0,"menu_order":11,"comment_status":"closed","ping_status":"closed","template":"","meta":{"footnotes":""},"class_list":["post-3","page","type-page","status-publish","hentry"],"yoast_head":"<!-- This site is optimized with the Yoast SEO plugin v23.8 - https:\/\/yoast.com\/wordpress\/plugins\/seo\/ -->\n<title>Gizlilik Politikas\u0131 - TRANS-EL Transformat\u00f6r<\/title>\n<meta name=\"robots\" content=\"index, follow, max-snippet:-1, max-image-preview:large, max-video-preview:-1\" \/>\n<link rel=\"canonical\" href=\"https:\/\/www.trans-el.com\/tr\/gizlilik-politikasi\/\" \/>\n<meta property=\"og:locale\" content=\"tr_TR\" \/>\n<meta property=\"og:type\" content=\"article\" \/>\n<meta property=\"og:title\" content=\"Gizlilik Politikas\u0131 - TRANS-EL Transformat\u00f6r\" \/>\n<meta property=\"og:description\" content=\"B\u0130LG\u0130 G\u00dcVENL\u0130\u011e\u0130 TANIMI Bilgi g\u00fcvenli\u011fi, bilginin bir varl\u0131k olarak hasarlardan korunmas\u0131, do\u011fru teknolojinin, do\u011fru ama\u00e7la ve do\u011fru \u015fekilde kullan\u0131larak bilginin her t\u00fcrl\u00fc ortamda, istenmeyen ki\u015filer taraf\u0131ndan elde edilmesini \u00f6nlenmesi anlam\u0131na gelmektedir. Geli\u015fen teknoloji ile beraber bilginin korunmas\u0131 gereken tehditlerin \u00e7oklu\u011fu ve bunlara kar\u015f\u0131 g\u00fcvenlik \u00e7\u00f6z\u00fcmleri olu\u015fturma gereklili\u011fi firmalar\u0131 yeni aray\u0131\u015flara itmi\u015f ve bilgi g\u00fcvenli\u011fi s\u00fcrecinin [&hellip;]\" \/>\n<meta property=\"og:url\" content=\"https:\/\/www.trans-el.com\/tr\/gizlilik-politikasi\/\" \/>\n<meta property=\"og:site_name\" content=\"TRANS-EL Transformat\u00f6r\" \/>\n<meta property=\"article:modified_time\" content=\"2023-08-10T07:39:06+00:00\" \/>\n<meta name=\"twitter:card\" content=\"summary_large_image\" \/>\n<meta name=\"twitter:label1\" content=\"Tahmini okuma s\u00fcresi\" \/>\n\t<meta name=\"twitter:data1\" content=\"2 dakika\" \/>\n<script type=\"application\/ld+json\" class=\"yoast-schema-graph\">{\"@context\":\"https:\/\/schema.org\",\"@graph\":[{\"@type\":\"WebPage\",\"@id\":\"https:\/\/www.trans-el.com\/tr\/gizlilik-politikasi\/\",\"url\":\"https:\/\/www.trans-el.com\/tr\/gizlilik-politikasi\/\",\"name\":\"Gizlilik Politikas\u0131 - TRANS-EL Transformat\u00f6r\",\"isPartOf\":{\"@id\":\"https:\/\/www.trans-el.com\/tr\/#website\"},\"datePublished\":\"2023-04-24T07:15:57+00:00\",\"dateModified\":\"2023-08-10T07:39:06+00:00\",\"breadcrumb\":{\"@id\":\"https:\/\/www.trans-el.com\/tr\/gizlilik-politikasi\/#breadcrumb\"},\"inLanguage\":\"tr\",\"potentialAction\":[{\"@type\":\"ReadAction\",\"target\":[\"https:\/\/www.trans-el.com\/tr\/gizlilik-politikasi\/\"]}]},{\"@type\":\"BreadcrumbList\",\"@id\":\"https:\/\/www.trans-el.com\/tr\/gizlilik-politikasi\/#breadcrumb\",\"itemListElement\":[{\"@type\":\"ListItem\",\"position\":1,\"name\":\"Anasayfa\",\"item\":\"https:\/\/www.trans-el.com\/tr\/\"},{\"@type\":\"ListItem\",\"position\":2,\"name\":\"Gizlilik Politikas\u0131\"}]},{\"@type\":\"WebSite\",\"@id\":\"https:\/\/www.trans-el.com\/tr\/#website\",\"url\":\"https:\/\/www.trans-el.com\/tr\/\",\"name\":\"TRANS-EL Transformat\u00f6r\",\"description\":\"Y\u00fcksek Gerilim Trafosu\",\"potentialAction\":[{\"@type\":\"SearchAction\",\"target\":{\"@type\":\"EntryPoint\",\"urlTemplate\":\"https:\/\/www.trans-el.com\/tr\/?s={search_term_string}\"},\"query-input\":{\"@type\":\"PropertyValueSpecification\",\"valueRequired\":true,\"valueName\":\"search_term_string\"}}],\"inLanguage\":\"tr\"}]}<\/script>\n<!-- \/ Yoast SEO plugin. -->","yoast_head_json":{"title":"Gizlilik Politikas\u0131 - TRANS-EL Transformat\u00f6r","robots":{"index":"index","follow":"follow","max-snippet":"max-snippet:-1","max-image-preview":"max-image-preview:large","max-video-preview":"max-video-preview:-1"},"canonical":"https:\/\/www.trans-el.com\/tr\/gizlilik-politikasi\/","og_locale":"tr_TR","og_type":"article","og_title":"Gizlilik Politikas\u0131 - TRANS-EL Transformat\u00f6r","og_description":"B\u0130LG\u0130 G\u00dcVENL\u0130\u011e\u0130 TANIMI Bilgi g\u00fcvenli\u011fi, bilginin bir varl\u0131k olarak hasarlardan korunmas\u0131, do\u011fru teknolojinin, do\u011fru ama\u00e7la ve do\u011fru \u015fekilde kullan\u0131larak bilginin her t\u00fcrl\u00fc ortamda, istenmeyen ki\u015filer taraf\u0131ndan elde edilmesini \u00f6nlenmesi anlam\u0131na gelmektedir. Geli\u015fen teknoloji ile beraber bilginin korunmas\u0131 gereken tehditlerin \u00e7oklu\u011fu ve bunlara kar\u015f\u0131 g\u00fcvenlik \u00e7\u00f6z\u00fcmleri olu\u015fturma gereklili\u011fi firmalar\u0131 yeni aray\u0131\u015flara itmi\u015f ve bilgi g\u00fcvenli\u011fi s\u00fcrecinin [&hellip;]","og_url":"https:\/\/www.trans-el.com\/tr\/gizlilik-politikasi\/","og_site_name":"TRANS-EL Transformat\u00f6r","article_modified_time":"2023-08-10T07:39:06+00:00","twitter_card":"summary_large_image","twitter_misc":{"Tahmini okuma s\u00fcresi":"2 dakika"},"schema":{"@context":"https:\/\/schema.org","@graph":[{"@type":"WebPage","@id":"https:\/\/www.trans-el.com\/tr\/gizlilik-politikasi\/","url":"https:\/\/www.trans-el.com\/tr\/gizlilik-politikasi\/","name":"Gizlilik Politikas\u0131 - TRANS-EL Transformat\u00f6r","isPartOf":{"@id":"https:\/\/www.trans-el.com\/tr\/#website"},"datePublished":"2023-04-24T07:15:57+00:00","dateModified":"2023-08-10T07:39:06+00:00","breadcrumb":{"@id":"https:\/\/www.trans-el.com\/tr\/gizlilik-politikasi\/#breadcrumb"},"inLanguage":"tr","potentialAction":[{"@type":"ReadAction","target":["https:\/\/www.trans-el.com\/tr\/gizlilik-politikasi\/"]}]},{"@type":"BreadcrumbList","@id":"https:\/\/www.trans-el.com\/tr\/gizlilik-politikasi\/#breadcrumb","itemListElement":[{"@type":"ListItem","position":1,"name":"Anasayfa","item":"https:\/\/www.trans-el.com\/tr\/"},{"@type":"ListItem","position":2,"name":"Gizlilik Politikas\u0131"}]},{"@type":"WebSite","@id":"https:\/\/www.trans-el.com\/tr\/#website","url":"https:\/\/www.trans-el.com\/tr\/","name":"TRANS-EL Transformat\u00f6r","description":"Y\u00fcksek Gerilim Trafosu","potentialAction":[{"@type":"SearchAction","target":{"@type":"EntryPoint","urlTemplate":"https:\/\/www.trans-el.com\/tr\/?s={search_term_string}"},"query-input":{"@type":"PropertyValueSpecification","valueRequired":true,"valueName":"search_term_string"}}],"inLanguage":"tr"}]}},"_links":{"self":[{"href":"https:\/\/www.trans-el.com\/tr\/wp-json\/wp\/v2\/pages\/3","targetHints":{"allow":["GET"]}}],"collection":[{"href":"https:\/\/www.trans-el.com\/tr\/wp-json\/wp\/v2\/pages"}],"about":[{"href":"https:\/\/www.trans-el.com\/tr\/wp-json\/wp\/v2\/types\/page"}],"author":[{"embeddable":true,"href":"https:\/\/www.trans-el.com\/tr\/wp-json\/wp\/v2\/users\/1"}],"replies":[{"embeddable":true,"href":"https:\/\/www.trans-el.com\/tr\/wp-json\/wp\/v2\/comments?post=3"}],"version-history":[{"count":2,"href":"https:\/\/www.trans-el.com\/tr\/wp-json\/wp\/v2\/pages\/3\/revisions"}],"predecessor-version":[{"id":2277,"href":"https:\/\/www.trans-el.com\/tr\/wp-json\/wp\/v2\/pages\/3\/revisions\/2277"}],"wp:attachment":[{"href":"https:\/\/www.trans-el.com\/tr\/wp-json\/wp\/v2\/media?parent=3"}],"curies":[{"name":"wp","href":"https:\/\/api.w.org\/{rel}","templated":true}]}}