{"id":305,"date":"2023-04-24T21:51:45","date_gmt":"2023-04-24T18:51:45","guid":{"rendered":"https:\/\/www.trans-el.com\/?page_id=305"},"modified":"2023-07-05T11:23:17","modified_gmt":"2023-07-05T08:23:17","slug":"fotograf-galerisi","status":"publish","type":"page","link":"https:\/\/www.trans-el.com\/tr\/galeri-5.html","title":{"rendered":"Foto\u011fraf Galerisi"},"content":{"rendered":"\n<p>Fabrika ve Trafo foto\u011fraflar\u0131m\u0131z\u0131 inceleyebilirsiniz.<\/p>\n","protected":false},"excerpt":{"rendered":"Fabrika ve Trafo foto\u011fraflar\u0131m\u0131z\u0131 inceleyebilirsiniz.","protected":false},"author":1,"featured_media":0,"parent":303,"menu_order":8,"comment_status":"closed","ping_status":"closed","template":"","meta":{"footnotes":""},"class_list":["post-305","page","type-page","status-publish","hentry"],"yoast_head":"<!-- This site is optimized with the Yoast SEO plugin v23.8 - https:\/\/yoast.com\/wordpress\/plugins\/seo\/ -->\n<title>Foto\u011fraf Galerisi - TRANS-EL Transformat\u00f6r<\/title>\n<meta name=\"robots\" content=\"index, follow, max-snippet:-1, max-image-preview:large, max-video-preview:-1\" \/>\n<link rel=\"canonical\" href=\"https:\/\/www.trans-el.com\/tr\/galeri-5.html\" \/>\n<meta property=\"og:locale\" content=\"tr_TR\" \/>\n<meta property=\"og:type\" content=\"article\" \/>\n<meta property=\"og:title\" content=\"Foto\u011fraf Galerisi - TRANS-EL Transformat\u00f6r\" \/>\n<meta property=\"og:description\" content=\"Fabrika ve Trafo foto\u011fraflar\u0131m\u0131z\u0131 inceleyebilirsiniz.\" \/>\n<meta property=\"og:url\" content=\"https:\/\/www.trans-el.com\/tr\/galeri-5.html\" \/>\n<meta property=\"og:site_name\" content=\"TRANS-EL Transformat\u00f6r\" \/>\n<meta property=\"article:modified_time\" content=\"2023-07-05T08:23:17+00:00\" \/>\n<meta name=\"twitter:card\" content=\"summary_large_image\" \/>\n<script type=\"application\/ld+json\" class=\"yoast-schema-graph\">{\"@context\":\"https:\/\/schema.org\",\"@graph\":[{\"@type\":\"WebPage\",\"@id\":\"https:\/\/www.trans-el.com\/tr\/galeri-5.html\",\"url\":\"https:\/\/www.trans-el.com\/tr\/galeri-5.html\",\"name\":\"Foto\u011fraf Galerisi - TRANS-EL Transformat\u00f6r\",\"isPartOf\":{\"@id\":\"https:\/\/www.trans-el.com\/tr\/#website\"},\"datePublished\":\"2023-04-24T18:51:45+00:00\",\"dateModified\":\"2023-07-05T08:23:17+00:00\",\"breadcrumb\":{\"@id\":\"https:\/\/www.trans-el.com\/tr\/galeri-5.html#breadcrumb\"},\"inLanguage\":\"tr\",\"potentialAction\":[{\"@type\":\"ReadAction\",\"target\":[\"https:\/\/www.trans-el.com\/tr\/galeri-5.html\"]}]},{\"@type\":\"BreadcrumbList\",\"@id\":\"https:\/\/www.trans-el.com\/tr\/galeri-5.html#breadcrumb\",\"itemListElement\":[{\"@type\":\"ListItem\",\"position\":1,\"name\":\"Anasayfa\",\"item\":\"https:\/\/www.trans-el.com\/tr\/\"},{\"@type\":\"ListItem\",\"position\":2,\"name\":\"Galeri\",\"item\":\"https:\/\/www.trans-el.com\/tr\/galeri\/\"},{\"@type\":\"ListItem\",\"position\":3,\"name\":\"Foto\u011fraf Galerisi\"}]},{\"@type\":\"WebSite\",\"@id\":\"https:\/\/www.trans-el.com\/tr\/#website\",\"url\":\"https:\/\/www.trans-el.com\/tr\/\",\"name\":\"TRANS-EL Transformat\u00f6r\",\"description\":\"Y\u00fcksek Gerilim Trafosu\",\"potentialAction\":[{\"@type\":\"SearchAction\",\"target\":{\"@type\":\"EntryPoint\",\"urlTemplate\":\"https:\/\/www.trans-el.com\/tr\/?s={search_term_string}\"},\"query-input\":{\"@type\":\"PropertyValueSpecification\",\"valueRequired\":true,\"valueName\":\"search_term_string\"}}],\"inLanguage\":\"tr\"}]}<\/script>\n<!-- \/ Yoast SEO plugin. -->","yoast_head_json":{"title":"Foto\u011fraf Galerisi - TRANS-EL Transformat\u00f6r","robots":{"index":"index","follow":"follow","max-snippet":"max-snippet:-1","max-image-preview":"max-image-preview:large","max-video-preview":"max-video-preview:-1"},"canonical":"https:\/\/www.trans-el.com\/tr\/galeri-5.html","og_locale":"tr_TR","og_type":"article","og_title":"Foto\u011fraf Galerisi - TRANS-EL Transformat\u00f6r","og_description":"Fabrika ve Trafo foto\u011fraflar\u0131m\u0131z\u0131 inceleyebilirsiniz.","og_url":"https:\/\/www.trans-el.com\/tr\/galeri-5.html","og_site_name":"TRANS-EL Transformat\u00f6r","article_modified_time":"2023-07-05T08:23:17+00:00","twitter_card":"summary_large_image","schema":{"@context":"https:\/\/schema.org","@graph":[{"@type":"WebPage","@id":"https:\/\/www.trans-el.com\/tr\/galeri-5.html","url":"https:\/\/www.trans-el.com\/tr\/galeri-5.html","name":"Foto\u011fraf Galerisi - TRANS-EL Transformat\u00f6r","isPartOf":{"@id":"https:\/\/www.trans-el.com\/tr\/#website"},"datePublished":"2023-04-24T18:51:45+00:00","dateModified":"2023-07-05T08:23:17+00:00","breadcrumb":{"@id":"https:\/\/www.trans-el.com\/tr\/galeri-5.html#breadcrumb"},"inLanguage":"tr","potentialAction":[{"@type":"ReadAction","target":["https:\/\/www.trans-el.com\/tr\/galeri-5.html"]}]},{"@type":"BreadcrumbList","@id":"https:\/\/www.trans-el.com\/tr\/galeri-5.html#breadcrumb","itemListElement":[{"@type":"ListItem","position":1,"name":"Anasayfa","item":"https:\/\/www.trans-el.com\/tr\/"},{"@type":"ListItem","position":2,"name":"Galeri","item":"https:\/\/www.trans-el.com\/tr\/galeri\/"},{"@type":"ListItem","position":3,"name":"Foto\u011fraf Galerisi"}]},{"@type":"WebSite","@id":"https:\/\/www.trans-el.com\/tr\/#website","url":"https:\/\/www.trans-el.com\/tr\/","name":"TRANS-EL Transformat\u00f6r","description":"Y\u00fcksek Gerilim Trafosu","potentialAction":[{"@type":"SearchAction","target":{"@type":"EntryPoint","urlTemplate":"https:\/\/www.trans-el.com\/tr\/?s={search_term_string}"},"query-input":{"@type":"PropertyValueSpecification","valueRequired":true,"valueName":"search_term_string"}}],"inLanguage":"tr"}]}},"_links":{"self":[{"href":"https:\/\/www.trans-el.com\/tr\/wp-json\/wp\/v2\/pages\/305","targetHints":{"allow":["GET"]}}],"collection":[{"href":"https:\/\/www.trans-el.com\/tr\/wp-json\/wp\/v2\/pages"}],"about":[{"href":"https:\/\/www.trans-el.com\/tr\/wp-json\/wp\/v2\/types\/page"}],"author":[{"embeddable":true,"href":"https:\/\/www.trans-el.com\/tr\/wp-json\/wp\/v2\/users\/1"}],"replies":[{"embeddable":true,"href":"https:\/\/www.trans-el.com\/tr\/wp-json\/wp\/v2\/comments?post=305"}],"version-history":[{"count":4,"href":"https:\/\/www.trans-el.com\/tr\/wp-json\/wp\/v2\/pages\/305\/revisions"}],"predecessor-version":[{"id":1037,"href":"https:\/\/www.trans-el.com\/tr\/wp-json\/wp\/v2\/pages\/305\/revisions\/1037"}],"up":[{"embeddable":true,"href":"https:\/\/www.trans-el.com\/tr\/wp-json\/wp\/v2\/pages\/303"}],"wp:attachment":[{"href":"https:\/\/www.trans-el.com\/tr\/wp-json\/wp\/v2\/media?parent=305"}],"curies":[{"name":"wp","href":"https:\/\/api.w.org\/{rel}","templated":true}]}}