{"id":307,"date":"2023-04-24T21:52:20","date_gmt":"2023-04-24T18:52:20","guid":{"rendered":"https:\/\/www.trans-el.com\/?page_id=307"},"modified":"2023-07-05T10:39:38","modified_gmt":"2023-07-05T07:39:38","slug":"video-galeri","status":"publish","type":"page","link":"https:\/\/www.trans-el.com\/tr\/videolar-7.html","title":{"rendered":"Video Galeri"},"content":{"rendered":"\n<p>Trans-El Trafo Firmas\u0131, enerji sekt\u00f6r\u00fcnde \u00f6nc\u00fc bir \u015firket olarak s\u00fcrekli olarak kendini geli\u015ftirmekte ve yenilik\u00e7i \u00e7\u00f6z\u00fcmler sunmaktad\u0131r. M\u00fc\u015fterilerine en son teknolojiyi kullanarak y\u00fcksek kaliteli transformat\u00f6rler sa\u011flamaktad\u0131r.<\/p>\n\n\n\n<p>Videolar, Trans-El&#8217;in yenilik\u00e7i ve \u00f6zelle\u015ftirilebilir \u00e7\u00f6z\u00fcmlerini, ileri teknolojilerini ve end\u00fcstri standartlar\u0131nda kalite y\u00f6netimini vurgulamaktad\u0131r. Bu videolar sayesinde, firmam\u0131z\u0131n m\u00fc\u015fterilere sa\u011flad\u0131\u011f\u0131 de\u011feri ve teknik uzmanl\u0131\u011f\u0131 daha yak\u0131ndan anlayabilirsiniz.<\/p>\n\n\n\n<p><\/p>\n","protected":false},"excerpt":{"rendered":"Trans-El Trafo Firmas\u0131, enerji sekt\u00f6r\u00fcnde \u00f6nc\u00fc bir \u015firket olarak s\u00fcrekli olarak kendini geli\u015ftirmekte ve yenilik\u00e7i \u00e7\u00f6z\u00fcmler sunmaktad\u0131r. M\u00fc\u015fterilerine en son teknolojiyi kullanarak y\u00fcksek kaliteli transformat\u00f6rler sa\u011flamaktad\u0131r. Videolar, Trans-El&#8217;in yenilik\u00e7i ve \u00f6zelle\u015ftirilebilir \u00e7\u00f6z\u00fcmlerini, ileri teknolojilerini ve end\u00fcstri standartlar\u0131nda kalite y\u00f6netimini vurgulamaktad\u0131r. Bu videolar sayesinde, firmam\u0131z\u0131n m\u00fc\u015fterilere sa\u011flad\u0131\u011f\u0131 de\u011feri ve teknik uzmanl\u0131\u011f\u0131 daha yak\u0131ndan anlayabilirsiniz.","protected":false},"author":1,"featured_media":0,"parent":303,"menu_order":9,"comment_status":"closed","ping_status":"closed","template":"","meta":{"footnotes":""},"class_list":["post-307","page","type-page","status-publish","hentry"],"yoast_head":"<!-- This site is optimized with the Yoast SEO plugin v23.8 - https:\/\/yoast.com\/wordpress\/plugins\/seo\/ -->\n<title>Video Galeri - TRANS-EL Transformat\u00f6r<\/title>\n<meta name=\"robots\" content=\"index, follow, max-snippet:-1, max-image-preview:large, max-video-preview:-1\" \/>\n<link rel=\"canonical\" href=\"https:\/\/www.trans-el.com\/tr\/videolar-7.html\" \/>\n<meta property=\"og:locale\" content=\"tr_TR\" \/>\n<meta property=\"og:type\" content=\"article\" \/>\n<meta property=\"og:title\" content=\"Video Galeri - TRANS-EL Transformat\u00f6r\" \/>\n<meta property=\"og:description\" content=\"Trans-El Trafo Firmas\u0131, enerji sekt\u00f6r\u00fcnde \u00f6nc\u00fc bir \u015firket olarak s\u00fcrekli olarak kendini geli\u015ftirmekte ve yenilik\u00e7i \u00e7\u00f6z\u00fcmler sunmaktad\u0131r. M\u00fc\u015fterilerine en son teknolojiyi kullanarak y\u00fcksek kaliteli transformat\u00f6rler sa\u011flamaktad\u0131r. Videolar, Trans-El&#8217;in yenilik\u00e7i ve \u00f6zelle\u015ftirilebilir \u00e7\u00f6z\u00fcmlerini, ileri teknolojilerini ve end\u00fcstri standartlar\u0131nda kalite y\u00f6netimini vurgulamaktad\u0131r. Bu videolar sayesinde, firmam\u0131z\u0131n m\u00fc\u015fterilere sa\u011flad\u0131\u011f\u0131 de\u011feri ve teknik uzmanl\u0131\u011f\u0131 daha yak\u0131ndan anlayabilirsiniz.\" \/>\n<meta property=\"og:url\" content=\"https:\/\/www.trans-el.com\/tr\/videolar-7.html\" \/>\n<meta property=\"og:site_name\" content=\"TRANS-EL Transformat\u00f6r\" \/>\n<meta property=\"article:modified_time\" content=\"2023-07-05T07:39:38+00:00\" \/>\n<meta name=\"twitter:card\" content=\"summary_large_image\" \/>\n<script type=\"application\/ld+json\" class=\"yoast-schema-graph\">{\"@context\":\"https:\/\/schema.org\",\"@graph\":[{\"@type\":\"WebPage\",\"@id\":\"https:\/\/www.trans-el.com\/tr\/videolar-7.html\",\"url\":\"https:\/\/www.trans-el.com\/tr\/videolar-7.html\",\"name\":\"Video Galeri - TRANS-EL Transformat\u00f6r\",\"isPartOf\":{\"@id\":\"https:\/\/www.trans-el.com\/tr\/#website\"},\"datePublished\":\"2023-04-24T18:52:20+00:00\",\"dateModified\":\"2023-07-05T07:39:38+00:00\",\"breadcrumb\":{\"@id\":\"https:\/\/www.trans-el.com\/tr\/videolar-7.html#breadcrumb\"},\"inLanguage\":\"tr\",\"potentialAction\":[{\"@type\":\"ReadAction\",\"target\":[\"https:\/\/www.trans-el.com\/tr\/videolar-7.html\"]}]},{\"@type\":\"BreadcrumbList\",\"@id\":\"https:\/\/www.trans-el.com\/tr\/videolar-7.html#breadcrumb\",\"itemListElement\":[{\"@type\":\"ListItem\",\"position\":1,\"name\":\"Anasayfa\",\"item\":\"https:\/\/www.trans-el.com\/tr\/\"},{\"@type\":\"ListItem\",\"position\":2,\"name\":\"Galeri\",\"item\":\"https:\/\/www.trans-el.com\/tr\/galeri\/\"},{\"@type\":\"ListItem\",\"position\":3,\"name\":\"Video Galeri\"}]},{\"@type\":\"WebSite\",\"@id\":\"https:\/\/www.trans-el.com\/tr\/#website\",\"url\":\"https:\/\/www.trans-el.com\/tr\/\",\"name\":\"TRANS-EL Transformat\u00f6r\",\"description\":\"Y\u00fcksek Gerilim Trafosu\",\"potentialAction\":[{\"@type\":\"SearchAction\",\"target\":{\"@type\":\"EntryPoint\",\"urlTemplate\":\"https:\/\/www.trans-el.com\/tr\/?s={search_term_string}\"},\"query-input\":{\"@type\":\"PropertyValueSpecification\",\"valueRequired\":true,\"valueName\":\"search_term_string\"}}],\"inLanguage\":\"tr\"}]}<\/script>\n<!-- \/ Yoast SEO plugin. -->","yoast_head_json":{"title":"Video Galeri - TRANS-EL Transformat\u00f6r","robots":{"index":"index","follow":"follow","max-snippet":"max-snippet:-1","max-image-preview":"max-image-preview:large","max-video-preview":"max-video-preview:-1"},"canonical":"https:\/\/www.trans-el.com\/tr\/videolar-7.html","og_locale":"tr_TR","og_type":"article","og_title":"Video Galeri - TRANS-EL Transformat\u00f6r","og_description":"Trans-El Trafo Firmas\u0131, enerji sekt\u00f6r\u00fcnde \u00f6nc\u00fc bir \u015firket olarak s\u00fcrekli olarak kendini geli\u015ftirmekte ve yenilik\u00e7i \u00e7\u00f6z\u00fcmler sunmaktad\u0131r. M\u00fc\u015fterilerine en son teknolojiyi kullanarak y\u00fcksek kaliteli transformat\u00f6rler sa\u011flamaktad\u0131r. Videolar, Trans-El&#8217;in yenilik\u00e7i ve \u00f6zelle\u015ftirilebilir \u00e7\u00f6z\u00fcmlerini, ileri teknolojilerini ve end\u00fcstri standartlar\u0131nda kalite y\u00f6netimini vurgulamaktad\u0131r. Bu videolar sayesinde, firmam\u0131z\u0131n m\u00fc\u015fterilere sa\u011flad\u0131\u011f\u0131 de\u011feri ve teknik uzmanl\u0131\u011f\u0131 daha yak\u0131ndan anlayabilirsiniz.","og_url":"https:\/\/www.trans-el.com\/tr\/videolar-7.html","og_site_name":"TRANS-EL Transformat\u00f6r","article_modified_time":"2023-07-05T07:39:38+00:00","twitter_card":"summary_large_image","schema":{"@context":"https:\/\/schema.org","@graph":[{"@type":"WebPage","@id":"https:\/\/www.trans-el.com\/tr\/videolar-7.html","url":"https:\/\/www.trans-el.com\/tr\/videolar-7.html","name":"Video Galeri - TRANS-EL Transformat\u00f6r","isPartOf":{"@id":"https:\/\/www.trans-el.com\/tr\/#website"},"datePublished":"2023-04-24T18:52:20+00:00","dateModified":"2023-07-05T07:39:38+00:00","breadcrumb":{"@id":"https:\/\/www.trans-el.com\/tr\/videolar-7.html#breadcrumb"},"inLanguage":"tr","potentialAction":[{"@type":"ReadAction","target":["https:\/\/www.trans-el.com\/tr\/videolar-7.html"]}]},{"@type":"BreadcrumbList","@id":"https:\/\/www.trans-el.com\/tr\/videolar-7.html#breadcrumb","itemListElement":[{"@type":"ListItem","position":1,"name":"Anasayfa","item":"https:\/\/www.trans-el.com\/tr\/"},{"@type":"ListItem","position":2,"name":"Galeri","item":"https:\/\/www.trans-el.com\/tr\/galeri\/"},{"@type":"ListItem","position":3,"name":"Video Galeri"}]},{"@type":"WebSite","@id":"https:\/\/www.trans-el.com\/tr\/#website","url":"https:\/\/www.trans-el.com\/tr\/","name":"TRANS-EL Transformat\u00f6r","description":"Y\u00fcksek Gerilim Trafosu","potentialAction":[{"@type":"SearchAction","target":{"@type":"EntryPoint","urlTemplate":"https:\/\/www.trans-el.com\/tr\/?s={search_term_string}"},"query-input":{"@type":"PropertyValueSpecification","valueRequired":true,"valueName":"search_term_string"}}],"inLanguage":"tr"}]}},"_links":{"self":[{"href":"https:\/\/www.trans-el.com\/tr\/wp-json\/wp\/v2\/pages\/307","targetHints":{"allow":["GET"]}}],"collection":[{"href":"https:\/\/www.trans-el.com\/tr\/wp-json\/wp\/v2\/pages"}],"about":[{"href":"https:\/\/www.trans-el.com\/tr\/wp-json\/wp\/v2\/types\/page"}],"author":[{"embeddable":true,"href":"https:\/\/www.trans-el.com\/tr\/wp-json\/wp\/v2\/users\/1"}],"replies":[{"embeddable":true,"href":"https:\/\/www.trans-el.com\/tr\/wp-json\/wp\/v2\/comments?post=307"}],"version-history":[{"count":3,"href":"https:\/\/www.trans-el.com\/tr\/wp-json\/wp\/v2\/pages\/307\/revisions"}],"predecessor-version":[{"id":1035,"href":"https:\/\/www.trans-el.com\/tr\/wp-json\/wp\/v2\/pages\/307\/revisions\/1035"}],"up":[{"embeddable":true,"href":"https:\/\/www.trans-el.com\/tr\/wp-json\/wp\/v2\/pages\/303"}],"wp:attachment":[{"href":"https:\/\/www.trans-el.com\/tr\/wp-json\/wp\/v2\/media?parent=307"}],"curies":[{"name":"wp","href":"https:\/\/api.w.org\/{rel}","templated":true}]}}